{"id":967,"date":"2020-11-02T08:28:37","date_gmt":"2020-11-02T08:28:37","guid":{"rendered":"https:\/\/christoph-sitta.de\/?page_id=967"},"modified":"2024-10-19T19:02:53","modified_gmt":"2024-10-19T19:02:53","slug":"konkret-kommunal","status":"publish","type":"page","link":"https:\/\/christoph-sitta.de\/index.php\/konkret-kommunal\/","title":{"rendered":"konkret.kommunal"},"content":{"rendered":"\t\t<div data-elementor-type=\"wp-page\" data-elementor-id=\"967\" class=\"elementor elementor-967\">\n\t\t\t\t\t\t<div class=\"elementor-inner\">\n\t\t\t\t<div class=\"elementor-section-wrap\">\n\t\t\t\t\t\t\t\t\t<section class=\"elementor-section elementor-top-section elementor-element elementor-element-f02b549 elementor-section-full_width elementor-section-height-default elementor-section-height-default\" data-id=\"f02b549\" data-element_type=\"section\">\n\t\t\t\t\t\t<div class=\"elementor-container elementor-column-gap-default\">\n\t\t\t\t\t\t\t<div class=\"elementor-row\">\n\t\t\t\t\t<div class=\"elementor-column elementor-col-50 elementor-top-column elementor-element elementor-element-0b9735a\" data-id=\"0b9735a\" data-element_type=\"column\">\n\t\t\t<div class=\"elementor-column-wrap elementor-element-populated\">\n\t\t\t\t\t\t\t<div class=\"elementor-widget-wrap\">\n\t\t\t\t\t\t<div class=\"elementor-element elementor-element-bcdb749 elementor-widget elementor-widget-heading\" data-id=\"bcdb749\" data-element_type=\"widget\" data-widget_type=\"heading.default\">\n\t\t\t\t<div class=\"elementor-widget-container\">\n\t\t\t<h1 class=\"elementor-heading-title elementor-size-default\">Christoph Sitta<\/h1>\t\t<\/div>\n\t\t\t\t<\/div>\n\t\t\t\t<div class=\"elementor-element elementor-element-cac4fbf elementor-widget elementor-widget-heading\" data-id=\"cac4fbf\" data-element_type=\"widget\" data-widget_type=\"heading.default\">\n\t\t\t\t<div class=\"elementor-widget-container\">\n\t\t\t<h1 class=\"elementor-heading-title elementor-size-default\"><b>konkret kommunaL<\/b><\/h1>\t\t<\/div>\n\t\t\t\t<\/div>\n\t\t\t\t\t\t<\/div>\n\t\t\t\t\t<\/div>\n\t\t<\/div>\n\t\t\t\t<div class=\"elementor-column elementor-col-50 elementor-top-column elementor-element elementor-element-143f13d\" data-id=\"143f13d\" data-element_type=\"column\">\n\t\t\t<div class=\"elementor-column-wrap\">\n\t\t\t\t\t\t\t<div class=\"elementor-widget-wrap\">\n\t\t\t\t\t\t\t\t<\/div>\n\t\t\t\t\t<\/div>\n\t\t<\/div>\n\t\t\t\t\t\t\t\t<\/div>\n\t\t\t\t\t<\/div>\n\t\t<\/section>\n\t\t\t\t<section class=\"elementor-section elementor-top-section elementor-element elementor-element-6c16bae elementor-section-boxed elementor-section-height-default elementor-section-height-default\" data-id=\"6c16bae\" data-element_type=\"section\">\n\t\t\t\t\t\t<div class=\"elementor-container elementor-column-gap-default\">\n\t\t\t\t\t\t\t<div class=\"elementor-row\">\n\t\t\t\t\t<div class=\"elementor-column elementor-col-100 elementor-top-column elementor-element elementor-element-e0df12d\" data-id=\"e0df12d\" data-element_type=\"column\">\n\t\t\t<div class=\"elementor-column-wrap elementor-element-populated\">\n\t\t\t\t\t\t\t<div class=\"elementor-widget-wrap\">\n\t\t\t\t\t\t<div class=\"elementor-element elementor-element-e3930ed elementor-widget-divider--view-line elementor-widget elementor-widget-divider\" data-id=\"e3930ed\" data-element_type=\"widget\" data-widget_type=\"divider.default\">\n\t\t\t\t<div class=\"elementor-widget-container\">\n\t\t\t\t\t<div class=\"elementor-divider\">\n\t\t\t<span class=\"elementor-divider-separator\">\n\t\t\t\t\t\t<\/span>\n\t\t<\/div>\n\t\t\t\t<\/div>\n\t\t\t\t<\/div>\n\t\t\t\t\t\t<\/div>\n\t\t\t\t\t<\/div>\n\t\t<\/div>\n\t\t\t\t\t\t\t\t<\/div>\n\t\t\t\t\t<\/div>\n\t\t<\/section>\n\t\t\t\t<section class=\"elementor-section elementor-top-section elementor-element elementor-element-ef60a30 elementor-section-boxed elementor-section-height-default elementor-section-height-default\" data-id=\"ef60a30\" data-element_type=\"section\">\n\t\t\t\t\t\t<div class=\"elementor-container elementor-column-gap-default\">\n\t\t\t\t\t\t\t<div class=\"elementor-row\">\n\t\t\t\t\t<div class=\"elementor-column elementor-col-100 elementor-top-column elementor-element elementor-element-f576392\" data-id=\"f576392\" data-element_type=\"column\">\n\t\t\t<div class=\"elementor-column-wrap elementor-element-populated\">\n\t\t\t\t\t\t\t<div class=\"elementor-widget-wrap\">\n\t\t\t\t\t\t<div class=\"elementor-element elementor-element-b66ea75 elementor-widget elementor-widget-image\" data-id=\"b66ea75\" data-element_type=\"widget\" data-widget_type=\"image.default\">\n\t\t\t\t<div class=\"elementor-widget-container\">\n\t\t\t\t\t\t\t\t<div class=\"elementor-image\">\n\t\t\t\t\t\t\t\t\t\t\t\t<img decoding=\"async\" width=\"1536\" height=\"768\" src=\"https:\/\/christoph-sitta.de\/wp-content\/uploads\/2020\/10\/Sitta_Ravensburg-1536x768.jpg\" class=\"attachment-1536x1536 size-1536x1536\" alt=\"\" loading=\"lazy\" srcset=\"https:\/\/christoph-sitta.de\/wp-content\/uploads\/2020\/10\/Sitta_Ravensburg-1536x768.jpg 1536w, https:\/\/christoph-sitta.de\/wp-content\/uploads\/2020\/10\/Sitta_Ravensburg-300x150.jpg 300w, https:\/\/christoph-sitta.de\/wp-content\/uploads\/2020\/10\/Sitta_Ravensburg-1024x512.jpg 1024w, https:\/\/christoph-sitta.de\/wp-content\/uploads\/2020\/10\/Sitta_Ravensburg-768x384.jpg 768w, https:\/\/christoph-sitta.de\/wp-content\/uploads\/2020\/10\/Sitta_Ravensburg-2048x1024.jpg 2048w, https:\/\/christoph-sitta.de\/wp-content\/uploads\/2020\/10\/Sitta_Ravensburg-1200x600.jpg 1200w, https:\/\/christoph-sitta.de\/wp-content\/uploads\/2020\/10\/Sitta_Ravensburg-1980x990.jpg 1980w\" sizes=\"(max-width: 1536px) 100vw, 1536px\" \/>\t\t\t\t\t\t\t\t\t\t\t\t\t\t<\/div>\n\t\t\t\t\t\t<\/div>\n\t\t\t\t<\/div>\n\t\t\t\t\t\t<\/div>\n\t\t\t\t\t<\/div>\n\t\t<\/div>\n\t\t\t\t\t\t\t\t<\/div>\n\t\t\t\t\t<\/div>\n\t\t<\/section>\n\t\t\t\t<section class=\"elementor-section elementor-top-section elementor-element elementor-element-939f339 elementor-section-boxed elementor-section-height-default elementor-section-height-default\" data-id=\"939f339\" data-element_type=\"section\">\n\t\t\t\t\t\t<div class=\"elementor-container elementor-column-gap-default\">\n\t\t\t\t\t\t\t<div class=\"elementor-row\">\n\t\t\t\t\t<div class=\"elementor-column elementor-col-33 elementor-top-column elementor-element elementor-element-2f37a5c\" data-id=\"2f37a5c\" data-element_type=\"column\">\n\t\t\t<div class=\"elementor-column-wrap elementor-element-populated\">\n\t\t\t\t\t\t\t<div class=\"elementor-widget-wrap\">\n\t\t\t\t\t\t<div class=\"elementor-element elementor-element-635e6ea elementor-widget-divider--view-line elementor-widget elementor-widget-divider\" data-id=\"635e6ea\" data-element_type=\"widget\" data-widget_type=\"divider.default\">\n\t\t\t\t<div class=\"elementor-widget-container\">\n\t\t\t\t\t<div class=\"elementor-divider\">\n\t\t\t<span class=\"elementor-divider-separator\">\n\t\t\t\t\t\t<\/span>\n\t\t<\/div>\n\t\t\t\t<\/div>\n\t\t\t\t<\/div>\n\t\t\t\t\t\t<\/div>\n\t\t\t\t\t<\/div>\n\t\t<\/div>\n\t\t\t\t<div class=\"elementor-column elementor-col-66 elementor-top-column elementor-element elementor-element-182e734\" data-id=\"182e734\" data-element_type=\"column\">\n\t\t\t<div class=\"elementor-column-wrap elementor-element-populated\">\n\t\t\t\t\t\t\t<div class=\"elementor-widget-wrap\">\n\t\t\t\t\t\t<div class=\"elementor-element elementor-element-98d9394 elementor-widget elementor-widget-heading\" data-id=\"98d9394\" data-element_type=\"widget\" data-widget_type=\"heading.default\">\n\t\t\t\t<div class=\"elementor-widget-container\">\n\t\t\t<h2 class=\"elementor-heading-title elementor-size-default\"><span style=\"letter-spacing: -0.0415625em;\">Zuh\u00f6ren.<\/span><br>Entscheiden.  <br>Handeln.<\/h2>\t\t<\/div>\n\t\t\t\t<\/div>\n\t\t\t\t<div class=\"elementor-element elementor-element-da8d7d1 elementor-widget elementor-widget-text-editor\" data-id=\"da8d7d1\" data-element_type=\"widget\" data-widget_type=\"text-editor.default\">\n\t\t\t\t<div class=\"elementor-widget-container\">\n\t\t\t\t\t\t\t\t<div class=\"elementor-text-editor elementor-clearfix\">\n\t\t\t\t<p class=\"qzhwtbm6 knvmm38d\">Als Vorsitzender der CDU in Ravensburg gestalte ich aktiv Lokalpolitik. Es macht mir gro\u00dfe Freude, mich f\u00fcr die CDU und f\u00fcr die Menschen in unserer Region zu engagieren.\u00a0<\/p><p class=\"qzhwtbm6 knvmm38d\">Vielen Dank f\u00fcr euer Vertrauen und die Zustimmung f\u00fcr meine politische Arbeit: Mit 7.684 Stimmen f\u00fcr den Gemeinderat und 1.897 Stimmen f\u00fcr den Ortschaftsrat Eschach bei der Kommunalwahl 2024 kann ich euren Anliegen eine starke Stimme geben.<\/p><p class=\"qzhwtbm6 knvmm38d\">Ravensburg ist Herzenssache. Umso mehr freue ich mich, in den n\u00e4chsten f\u00fcnf Jahren an der Zukunft unserer Heimat mitschreiben zu k\u00f6nnen &#8211; f\u00fcr eine lebenswerte Stadt.<\/p><p>\u00a0<\/p><p>\u00a0<\/p><p>Mit viel Leidenschaft engagiere ich mich ehrenamtlich f\u00fcr ein Ravensburg, in dem wir gut und gerne leben. Auch dabei gilt: Zuh\u00f6ren. Entscheiden. Handeln.<\/p><p>Egal ob B\u00fcrger, H\u00e4ndler, Gastronom, Unternehmer oder Vereinsvorsitzender \u2013 gerne komme ich mit Ihnen \u00fcber Ihre Anliegen ins <a href=\"https:\/\/christoph-sitta.de\/index.php\/kontakt\/\">Gespr\u00e4ch<\/a>. Zusammen mit meinem Vorstandsteam der CDU Ravensburg entwickeln wir L\u00f6sungen und sind DER Ideengeber der Lokalpolitik \u2013 ganz ohne Phrasen, sondern konkret kommunal.<\/p><p>Mein Ziel ist es, mit einem ganzheitlichen Blick auf die Themen, Ravensburg fit f\u00fcr die Zukunft zu machen und meinen Beitrag f\u00fcr ein lebenswertes Ravensburg zu leisten.<\/p>\t\t\t\t\t<\/div>\n\t\t\t\t\t\t<\/div>\n\t\t\t\t<\/div>\n\t\t\t\t\t\t<\/div>\n\t\t\t\t\t<\/div>\n\t\t<\/div>\n\t\t\t\t\t\t\t\t<\/div>\n\t\t\t\t\t<\/div>\n\t\t<\/section>\n\t\t\t\t\t\t\t\t\t<\/div>\n\t\t\t<\/div>\n\t\t\t\t\t<\/div>\n\t\t","protected":false},"excerpt":{"rendered":"<p>Christoph Sitta konkret kommunaL Zuh\u00f6ren.Entscheiden. Handeln. Als Vorsitzender der CDU in Ravensburg gestalte ich aktiv Lokalpolitik. Es macht mir gro\u00dfe Freude, mich f\u00fcr die CDU und f\u00fcr die Menschen in unserer Region zu engagieren.\u00a0 Vielen Dank f\u00fcr euer Vertrauen und die Zustimmung f\u00fcr meine politische Arbeit: Mit 7.684 Stimmen f\u00fcr den Gemeinderat und 1.897 Stimmen [&hellip;]<\/p>\n","protected":false},"author":3,"featured_media":0,"parent":0,"menu_order":0,"comment_status":"closed","ping_status":"closed","template":"elementor_header_footer","meta":[],"_links":{"self":[{"href":"https:\/\/christoph-sitta.de\/index.php\/wp-json\/wp\/v2\/pages\/967"}],"collection":[{"href":"https:\/\/christoph-sitta.de\/index.php\/wp-json\/wp\/v2\/pages"}],"about":[{"href":"https:\/\/christoph-sitta.de\/index.php\/wp-json\/wp\/v2\/types\/page"}],"author":[{"embeddable":true,"href":"https:\/\/christoph-sitta.de\/index.php\/wp-json\/wp\/v2\/users\/3"}],"replies":[{"embeddable":true,"href":"https:\/\/christoph-sitta.de\/index.php\/wp-json\/wp\/v2\/comments?post=967"}],"version-history":[{"count":63,"href":"https:\/\/christoph-sitta.de\/index.php\/wp-json\/wp\/v2\/pages\/967\/revisions"}],"predecessor-version":[{"id":1272,"href":"https:\/\/christoph-sitta.de\/index.php\/wp-json\/wp\/v2\/pages\/967\/revisions\/1272"}],"wp:attachment":[{"href":"https:\/\/christoph-sitta.de\/index.php\/wp-json\/wp\/v2\/media?parent=967"}],"curies":[{"name":"wp","href":"https:\/\/api.w.org\/{rel}","templated":true}]}}